{"id":90526,"date":"2020-11-02T19:15:48","date_gmt":"2020-11-02T18:15:48","guid":{"rendered":"https:\/\/muzyczne-miasto.pl\/?page_id=90526"},"modified":"2021-01-04T18:56:51","modified_gmt":"2021-01-04T17:56:51","slug":"produkcja-muzyczna","status":"publish","type":"page","link":"https:\/\/muzyczne-miasto.pl\/index.php\/produkcja-muzyczna\/","title":{"rendered":"Produkcja muzyczna"},"content":{"rendered":"<p>[vc_row row_height_percent=&#8221;5&#8243; override_padding=&#8221;yes&#8221; h_padding=&#8221;2&#8243; top_padding=&#8221;2&#8243; bottom_padding=&#8221;2&#8243; back_color=&#8221;color-143410&#8243; back_image=&#8221;15075&#8243; overlay_color=&#8221;color-143410&#8243; overlay_alpha=&#8221;90&#8243; gutter_size=&#8221;3&#8243; column_width_percent=&#8221;100&#8243; shift_y=&#8221;0&#8243; z_index=&#8221;0&#8243;][vc_column column_width_percent=&#8221;100&#8243; position_vertical=&#8221;bottom&#8221; gutter_size=&#8221;3&#8243; style=&#8221;dark&#8221; overlay_alpha=&#8221;50&#8243; shift_x=&#8221;0&#8243; shift_y=&#8221;0&#8243; medium_width=&#8221;0&#8243; zoom_width=&#8221;0&#8243; zoom_height=&#8221;0&#8243; width=&#8221;1\/1&#8243;][vc_custom_heading heading_semantic=&#8221;h3&#8243; text_font=&#8221;font-762333&#8243; text_size=&#8221;h3&#8243; text_weight=&#8221;600&#8243; text_height=&#8221;fontheight-179065&#8243; sub_reduced=&#8221;yes&#8221;]Produkcja muzyczna[\/vc_custom_heading][\/vc_column][\/vc_row][vc_row row_height_percent=&#8221;0&#8243; override_padding=&#8221;yes&#8221; h_padding=&#8221;2&#8243; top_padding=&#8221;3&#8243; bottom_padding=&#8221;3&#8243; overlay_color=&#8221;color-xsdn&#8221; overlay_alpha=&#8221;70&#8243; gutter_size=&#8221;100&#8243; border_color=&#8221;color-gyho&#8221; border_style=&#8221;solid&#8221; shift_y=&#8221;0&#8243; style=&#8221;inherited&#8221; row_name=&#8221;Welcome&#8221; css=&#8221;.vc_custom_1438176136018{border-bottom-width: 1px !important;}&#8221;][vc_column column_width_percent=&#8221;100&#8243; gutter_size=&#8221;1&#8243; overlay_alpha=&#8221;50&#8243; shift_x=&#8221;0&#8243; shift_y=&#8221;0&#8243; z_index=&#8221;0&#8243; medium_width=&#8221;0&#8243; width=&#8221;1\/1&#8243;][vc_column_text]Czy zdarzy\u0142o Ci si\u0119, \u017ce na ca\u0142y dzie\u0144 utkwi\u0142a Ci w g\u0142owie konkretna piosenka? Gwi\u017cd\u017cesz, gdy Twoje ma\u0142e dzieci w k\u00f3\u0142ko \u015bpiewaj\u0105 firmowy dzwonek na tylnym siedzeniu samochodu?<\/p>\n<p>D\u017cingle to jedna z najpot\u0119\u017cniejszych form reklamy, jak\u0105 mo\u017cesz zrobi\u0107 dla swojej firmy i jej marki.<\/p>\n<p>&nbsp;<\/p>\n<p>Wyb\u00f3r odpowiedniego podk\u0142adu muzycznego do\u00a0<strong>produkcji telewizyjnej<\/strong>\u00a0,\u00a0<strong>reklamy<\/strong>\u00a0lub\u00a0<strong>wideo online<\/strong>\u00a0ma kluczowe znaczenie.\u00a0Starannie dobrany podk\u0142ad mo\u017ce\u00a0<strong>sprawi\u0107, \u017ce Twoje tre\u015bci b\u0119d\u0105 b\u0142yszcze\u0107<\/strong>. Nawet najbardziej fantastyczny produkt nie b\u0119dzie wygl\u0105da\u0142 dobrze, je\u015bli zostanie pokazany z towarzyszeniem niskiej jako\u015bci podk\u0142adu muzycznego.<\/p>\n<p>Nasi kompozytorzy nale\u017c\u0105 do\u00a0<strong>najlepszych w swojej dziedzinie<\/strong>.[\/vc_column_text][vc_empty_space empty_h=&#8221;2&#8243;][vc_row_inner row_inner_height_percent=&#8221;0&#8243; overlay_alpha=&#8221;50&#8243; gutter_size=&#8221;4&#8243; shift_y=&#8221;0&#8243;][vc_column_inner width=&#8221;1\/3&#8243;][vc_custom_heading text_font=&#8221;font-762333&#8243; text_size=&#8221;h4&#8243; text_transform=&#8221;capitalize&#8221; text_align=&#8221;text-left&#8221; text_uppercase=&#8221;&#8221;]Studio muzyczne i video, produkcja teledysk\u00f3w, nagrania.[\/vc_custom_heading][vc_separator][vc_custom_heading heading_semantic=&#8221;h6&#8243; text_size=&#8221;h6&#8243;]Magdalena MEG Krzemie\u0144 &#8211; \u015awiat\u0142o[\/vc_custom_heading][vc_single_image media=&#8221;90767&#8243; media_width_percent=&#8221;100&#8243;][vc_column_text]<span class=\"font-762333 font-377884\">Wsparcie ze \u015brodk\u00f3w Funduszu Przeciwdzia\u0142ania COVID-19.<\/span><\/p>\n<p><img class=\"wp-image-90740 aligncenter\" src=\"https:\/\/muzyczne-miasto.pl\/wp-content\/uploads\/2020\/12\/fwk-300x153.png\" alt=\"\" width=\"143\" height=\"73\" srcset=\"https:\/\/muzyczne-miasto.pl\/wp-content\/uploads\/2020\/12\/fwk-300x153.png 300w, https:\/\/muzyczne-miasto.pl\/wp-content\/uploads\/2020\/12\/fwk-1024x523.png 1024w, https:\/\/muzyczne-miasto.pl\/wp-content\/uploads\/2020\/12\/fwk-768x392.png 768w, https:\/\/muzyczne-miasto.pl\/wp-content\/uploads\/2020\/12\/fwk-1536x784.png 1536w, https:\/\/muzyczne-miasto.pl\/wp-content\/uploads\/2020\/12\/fwk-600x306.png 600w, https:\/\/muzyczne-miasto.pl\/wp-content\/uploads\/2020\/12\/fwk.png 2000w\" sizes=\"(max-width: 143px) 100vw, 143px\" \/>[\/vc_column_text][vc_single_image media=&#8221;90768&#8243; media_width_percent=&#8221;100&#8243;][vc_single_image media=&#8221;90777&#8243; media_width_percent=&#8221;100&#8243;][vc_single_image media=&#8221;90779&#8243; media_width_percent=&#8221;100&#8243;][\/vc_column_inner][vc_column_inner column_width_percent=&#8221;100&#8243; gutter_size=&#8221;3&#8243; overlay_alpha=&#8221;50&#8243; shift_x=&#8221;0&#8243; shift_y=&#8221;0&#8243; z_index=&#8221;0&#8243; medium_width=&#8221;0&#8243; mobile_width=&#8221;0&#8243; width=&#8221;1\/3&#8243;][vc_custom_heading text_font=&#8221;font-762333&#8243; text_size=&#8221;h4&#8243; text_transform=&#8221;capitalize&#8221; text_align=&#8221;text-left&#8221; text_uppercase=&#8221;&#8221;]Kompozycja i aran\u017cacja[\/vc_custom_heading][vc_separator][vc_single_image media=&#8221;90546&#8243; media_width_percent=&#8221;100&#8243;][vc_single_image media=&#8221;90535&#8243; media_width_percent=&#8221;100&#8243;][vc_single_image media=&#8221;90533&#8243; media_width_percent=&#8221;100&#8243;][vc_single_image media=&#8221;90537&#8243; media_width_percent=&#8221;100&#8243;][vc_single_image media=&#8221;90538&#8243; media_width_percent=&#8221;100&#8243;][\/vc_column_inner][vc_column_inner width=&#8221;1\/3&#8243;][vc_custom_heading text_font=&#8221;font-762333&#8243; text_size=&#8221;h4&#8243; text_transform=&#8221;capitalize&#8221; text_align=&#8221;text-left&#8221; text_uppercase=&#8221;&#8221;]Jingle, ud\u017awi\u0119kowienie bajek, film\u00f3w, spot\u00f3w.[\/vc_custom_heading][vc_separator][vc_single_image media=&#8221;90531&#8243; media_width_percent=&#8221;100&#8243;][vc_single_image media=&#8221;90572&#8243; media_width_percent=&#8221;100&#8243;][\/vc_column_inner][\/vc_row_inner][\/vc_column][\/vc_row]<\/p>\n","protected":false},"excerpt":{"rendered":"<p>[vc_row row_height_percent=&#8221;5&#8243; override_padding=&#8221;yes&#8221; h_padding=&#8221;2&#8243; top_padding=&#8221;2&#8243; bottom_padding=&#8221;2&#8243; back_color=&#8221;color-143410&#8243; back_image=&#8221;15075&#8243; overlay_color=&#8221;color-143410&#8243; overlay_alpha=&#8221;90&#8243; gutter_size=&#8221;3&#8243; column_width_percent=&#8221;100&#8243; shift_y=&#8221;0&#8243; z_index=&#8221;0&#8243;][vc_column column_width_percent=&#8221;100&#8243; position_vertical=&#8221;bottom&#8221; gutter_size=&#8221;3&#8243; style=&#8221;dark&#8221; overlay_alpha=&#8221;50&#8243; shift_x=&#8221;0&#8243; [&hellip;]<\/p>\n","protected":false},"author":1,"featured_media":90297,"parent":0,"menu_order":0,"comment_status":"closed","ping_status":"closed","template":"","meta":[],"_links":{"self":[{"href":"https:\/\/muzyczne-miasto.pl\/index.php\/wp-json\/wp\/v2\/pages\/90526"}],"collection":[{"href":"https:\/\/muzyczne-miasto.pl\/index.php\/wp-json\/wp\/v2\/pages"}],"about":[{"href":"https:\/\/muzyczne-miasto.pl\/index.php\/wp-json\/wp\/v2\/types\/page"}],"author":[{"embeddable":true,"href":"https:\/\/muzyczne-miasto.pl\/index.php\/wp-json\/wp\/v2\/users\/1"}],"replies":[{"embeddable":true,"href":"https:\/\/muzyczne-miasto.pl\/index.php\/wp-json\/wp\/v2\/comments?post=90526"}],"version-history":[{"count":35,"href":"https:\/\/muzyczne-miasto.pl\/index.php\/wp-json\/wp\/v2\/pages\/90526\/revisions"}],"predecessor-version":[{"id":90780,"href":"https:\/\/muzyczne-miasto.pl\/index.php\/wp-json\/wp\/v2\/pages\/90526\/revisions\/90780"}],"wp:featuredmedia":[{"embeddable":true,"href":"https:\/\/muzyczne-miasto.pl\/index.php\/wp-json\/wp\/v2\/media\/90297"}],"wp:attachment":[{"href":"https:\/\/muzyczne-miasto.pl\/index.php\/wp-json\/wp\/v2\/media?parent=90526"}],"curies":[{"name":"wp","href":"https:\/\/api.w.org\/{rel}","templated":true}]}}