{"id":44789,"date":"2020-02-18T16:34:22","date_gmt":"2020-02-18T15:34:22","guid":{"rendered":"http:\/\/www.undsgn.com\/uncode\/?page_id=44789"},"modified":"2022-03-01T11:09:02","modified_gmt":"2022-03-01T10:09:02","slug":"naglosnienie_oswietlenie","status":"publish","type":"page","link":"https:\/\/muzyczne-miasto.pl\/","title":{"rendered":"Nag\u0142o\u015bnienie i o\u015bwietlenie"},"content":{"rendered":"<p>[vc_row unlock_row_content=&#8221;yes&#8221; row_height_percent=&#8221;70&#8243; override_padding=&#8221;yes&#8221; h_padding=&#8221;0&#8243; top_padding=&#8221;0&#8243; bottom_padding=&#8221;0&#8243; back_color=&#8221;color-wayh&#8221; overlay_alpha=&#8221;50&#8243; equal_height=&#8221;yes&#8221; gutter_size=&#8221;0&#8243; shift_y=&#8221;0&#8243; el_class=&#8221;overflow-hidden&#8221;][vc_column column_width_percent=&#8221;100&#8243; position_vertical=&#8221;middle&#8221; gutter_size=&#8221;0&#8243; override_padding=&#8221;yes&#8221; column_padding=&#8221;0&#8243; overlay_alpha=&#8221;50&#8243; shift_x=&#8221;0&#8243; shift_y=&#8221;0&#8243; z_index=&#8221;0&#8243; medium_width=&#8221;0&#8243; css_animation=&#8221;bottom-t-top&#8221; animation_delay=&#8221;200&#8243; width=&#8221;1\/2&#8243;][vc_row_inner row_inner_height_percent=&#8221;50&#8243; back_color=&#8221;accent&#8221; overlay_alpha=&#8221;50&#8243; gutter_size=&#8221;3&#8243; shift_y=&#8221;0&#8243; z_index=&#8221;0&#8243;][vc_column_inner column_width_percent=&#8221;100&#8243; gutter_size=&#8221;3&#8243; override_padding=&#8221;yes&#8221; column_padding=&#8221;4&#8243; style=&#8221;dark&#8221; font_family=&#8221;font-762333&#8243; overlay_alpha=&#8221;50&#8243; shift_x=&#8221;0&#8243; shift_y=&#8221;0&#8243; z_index=&#8221;0&#8243; align_medium=&#8221;align_center_tablet&#8221; medium_width=&#8221;0&#8243; align_mobile=&#8221;align_center_mobile&#8221; width=&#8221;1\/1&#8243;][vc_custom_heading text_font=&#8221;font-329340&#8243; text_size=&#8221;h4&#8243; text_weight=&#8221;400&#8243; text_height=&#8221;fontheight-357766&#8243; separator=&#8221;yes&#8221;]\u015awiat\u0142o, obraz, d\u017awi\u0119k&#8230;[\/vc_custom_heading][vc_column_text]Specjalizujemy si\u0119 w obs\u0142udze technicznej i organizacji wydarze\u0144 artystycznych, event\u00f3w, koncert\u00f3w, konferencji.<\/p>\n<p>Kreujemy niepowtarzalne emocje.[\/vc_column_text][\/vc_column_inner][\/vc_row_inner][vc_row_inner row_inner_height_percent=&#8221;50&#8243; back_image=&#8221;88182&#8243; overlay_alpha=&#8221;50&#8243; gutter_size=&#8221;3&#8243; shift_y=&#8221;0&#8243; z_index=&#8221;0&#8243; medium_visibility=&#8221;yes&#8221; mobile_visibility=&#8221;yes&#8221;][vc_column_inner column_width_percent=&#8221;100&#8243; gutter_size=&#8221;3&#8243; overlay_alpha=&#8221;50&#8243; shift_x=&#8221;0&#8243; shift_y=&#8221;0&#8243; z_index=&#8221;0&#8243; medium_width=&#8221;0&#8243; width=&#8221;1\/1&#8243;][\/vc_column_inner][\/vc_row_inner][\/vc_column][vc_column column_width_percent=&#8221;100&#8243; gutter_size=&#8221;0&#8243; overlay_alpha=&#8221;50&#8243; shift_x=&#8221;0&#8243; shift_y=&#8221;0&#8243; z_index=&#8221;0&#8243; medium_width=&#8221;0&#8243; css_animation=&#8221;bottom-t-top&#8221; animation_delay=&#8221;400&#8243; width=&#8221;1\/2&#8243;][vc_row_inner row_inner_height_percent=&#8221;30&#8243; back_image=&#8221;90280&#8243; overlay_alpha=&#8221;50&#8243; gutter_size=&#8221;3&#8243; shift_y=&#8221;0&#8243; z_index=&#8221;0&#8243;][vc_column_inner column_width_percent=&#8221;100&#8243; gutter_size=&#8221;3&#8243; overlay_alpha=&#8221;50&#8243; shift_x=&#8221;0&#8243; shift_y=&#8221;0&#8243; z_index=&#8221;0&#8243; medium_width=&#8221;0&#8243; width=&#8221;1\/1&#8243; mobile_height=&#8221;260&#8243;][\/vc_column_inner][\/vc_row_inner][vc_row_inner row_inner_height_percent=&#8221;70&#8243; back_color=&#8221;color-rgdb&#8221; overlay_alpha=&#8221;50&#8243; equal_height=&#8221;yes&#8221; gutter_size=&#8221;0&#8243; shift_y=&#8221;0&#8243;][vc_column_inner column_width_percent=&#8221;100&#8243; gutter_size=&#8221;3&#8243; override_padding=&#8221;yes&#8221; column_padding=&#8221;4&#8243; style=&#8221;dark&#8221; font_family=&#8221;font-762333&#8243; overlay_alpha=&#8221;50&#8243; shift_x=&#8221;0&#8243; shift_y=&#8221;0&#8243; shift_y_down=&#8221;0&#8243; z_index=&#8221;0&#8243; align_medium=&#8221;align_center_tablet&#8221; medium_width=&#8221;0&#8243; align_mobile=&#8221;align_center_mobile&#8221; mobile_width=&#8221;0&#8243; width=&#8221;1\/2&#8243;][vc_custom_heading text_font=&#8221;font-329340&#8243; text_size=&#8221;h4&#8243; text_weight=&#8221;400&#8243; text_height=&#8221;fontheight-524109&#8243; separator=&#8221;yes&#8221; separator_color=&#8221;yes&#8221;][\/vc_custom_heading][vc_column_text]Na pocz\u0105tku roku 2019 zakupili\u015bmy system liniowy L-acoustics, o\u015bwietlenie Robe Pointe i inne, sceny, podesty sceniczne.[\/vc_column_text][\/vc_column_inner][vc_column_inner column_width_percent=&#8221;100&#8243; gutter_size=&#8221;3&#8243; back_image=&#8221;88255&#8243; back_position=&#8221;right center&#8221; overlay_alpha=&#8221;50&#8243; shift_x=&#8221;0&#8243; shift_y=&#8221;0&#8243; shift_y_down=&#8221;0&#8243; z_index=&#8221;0&#8243; medium_visibility=&#8221;yes&#8221; medium_width=&#8221;0&#8243; mobile_visibility=&#8221;yes&#8221; mobile_width=&#8221;0&#8243; width=&#8221;1\/2&#8243;][\/vc_column_inner][\/vc_row_inner][\/vc_column][\/vc_row][vc_row unlock_row_content=&#8221;yes&#8221; row_height_percent=&#8221;0&#8243; overlay_alpha=&#8221;0&#8243; gutter_size=&#8221;3&#8243; column_width_percent=&#8221;100&#8243; shift_y=&#8221;0&#8243; z_index=&#8221;0&#8243; style=&#8221;inherited&#8221;][vc_column column_width_percent=&#8221;100&#8243; position_vertical=&#8221;middle&#8221; align_horizontal=&#8221;align_center&#8221; gutter_size=&#8221;3&#8243; font_family=&#8221;font-762333&#8243; overlay_alpha=&#8221;100&#8243; shift_x=&#8221;0&#8243; shift_y=&#8221;0&#8243; z_index=&#8221;0&#8243; medium_width=&#8221;0&#8243; zoom_width=&#8221;0&#8243; zoom_height=&#8221;0&#8243; width=&#8221;1\/1&#8243;][vc_custom_heading heading_semantic=&#8221;h4&#8243; text_font=&#8221;font-329340&#8243; text_size=&#8221;h4&#8243; text_space=&#8221;fontspace-111509&#8243;]Wybrane realizacje:[\/vc_custom_heading][\/vc_column][\/vc_row][vc_row unlock_row_content=&#8221;yes&#8221; row_height_percent=&#8221;0&#8243; back_color=&#8221;color-lxmt&#8221; overlay_alpha=&#8221;100&#8243; gutter_size=&#8221;100&#8243; shift_y=&#8221;0&#8243; style=&#8221;inherited&#8221;][vc_column column_width_percent=&#8221;80&#8243; align_horizontal=&#8221;align_center&#8221; gutter_size=&#8221;3&#8243; overlay_alpha=&#8221;50&#8243; shift_x=&#8221;0&#8243; shift_y=&#8221;0&#8243; shift_y_down=&#8221;0&#8243; z_index=&#8221;0&#8243; medium_width=&#8221;0&#8243; mobile_width=&#8221;0&#8243; width=&#8221;1\/1&#8243;][uncode_index el_id=&#8221;index-15588655905&#8243; isotope_mode=&#8221;fitRows&#8221; loop=&#8221;size:All|order_by:date|order:DESC|post_type:post|categories:120|taxonomy_count:10&#8243; filtering=&#8221;yes&#8221; filtering_full_width=&#8221;yes&#8221; filtering_position=&#8221;center&#8221; filtering_uppercase=&#8221;yes&#8221; footer_full_width=&#8221;yes&#8221; gutter_size=&#8221;3&#8243; post_items=&#8221;icon|sm,media|featured|onpost|poster,title,text|excerpt|120&#8243; page_items=&#8221;title,media,text,category&#8221; product_items=&#8221;title,media,text,category,price&#8221; portfolio_items=&#8221;title,media,text,category&#8221; screen_lg=&#8221;1700&#8243; screen_md=&#8221;960&#8243; screen_sm=&#8221;480&#8243; single_width=&#8221;2&#8243; images_size=&#8221;sixteen-nine&#8221; single_back_color=&#8221;color-xsdn&#8221; single_shape=&#8221;round&#8221; single_overlay_opacity=&#8221;9&#8243; single_text_anim_type=&#8221;btt&#8221; single_image_anim=&#8221;no&#8221; single_padding=&#8221;2&#8243; single_title_dimension=&#8221;h6&#8243; single_title_transform=&#8221;uppercase&#8221; single_shadow=&#8221;yes&#8221; single_border=&#8221;yes&#8221; single_css_animation=&#8221;bottom-t-top&#8221; single_animation_delay=&#8221;200&#8243; single_half_padding=&#8221;&#8221; single_title_bold=&#8221;yes&#8221; single_title_serif=&#8221;&#8221; single_title_divider=&#8221;&#8221; single_no_background=&#8221;&#8221; items=&#8221;e30=&#8221; footer_position=&#8221;left&#8221; carousel_rtl=&#8221;&#8221; single_icon=&#8221;fa fa-search3&#8243; filtering_transform=&#8221;uppercase&#8221;][\/vc_column][\/vc_row][vc_row][vc_column column_width_percent=&#8221;100&#8243; align_horizontal=&#8221;align_center&#8221; gutter_size=&#8221;3&#8243; overlay_alpha=&#8221;50&#8243; shift_x=&#8221;0&#8243; shift_y=&#8221;0&#8243; shift_y_down=&#8221;0&#8243; z_index=&#8221;0&#8243; medium_width=&#8221;0&#8243; mobile_width=&#8221;0&#8243; width=&#8221;1\/1&#8243;][vc_custom_heading heading_semantic=&#8221;h5&#8243; text_size=&#8221;h5&#8243;]<\/p>\n<p style=\"text-align: center;\">Dbamy o Twoje bezpiecze\u0144stwo<\/p>\n<p>[\/vc_custom_heading][\/vc_column][\/vc_row][vc_row][vc_column column_width_percent=&#8221;75&#8243; align_horizontal=&#8221;align_center&#8221; gutter_size=&#8221;3&#8243; overlay_alpha=&#8221;50&#8243; shift_x=&#8221;0&#8243; shift_y=&#8221;0&#8243; shift_y_down=&#8221;0&#8243; z_index=&#8221;0&#8243; medium_width=&#8221;0&#8243; mobile_width=&#8221;0&#8243; width=&#8221;1\/1&#8243;][vc_single_image media=&#8221;90716&#8243; media_width_percent=&#8221;100&#8243;][\/vc_column][\/vc_row]<\/p>\n","protected":false},"excerpt":{"rendered":"<p>[vc_row unlock_row_content=&#8221;yes&#8221; row_height_percent=&#8221;70&#8243; override_padding=&#8221;yes&#8221; h_padding=&#8221;0&#8243; top_padding=&#8221;0&#8243; bottom_padding=&#8221;0&#8243; back_color=&#8221;color-wayh&#8221; overlay_alpha=&#8221;50&#8243; equal_height=&#8221;yes&#8221; gutter_size=&#8221;0&#8243; shift_y=&#8221;0&#8243; el_class=&#8221;overflow-hidden&#8221;][vc_column column_width_percent=&#8221;100&#8243; position_vertical=&#8221;middle&#8221; gutter_size=&#8221;0&#8243; override_padding=&#8221;yes&#8221; column_padding=&#8221;0&#8243; overlay_alpha=&#8221;50&#8243; shift_x=&#8221;0&#8243; [&hellip;]<\/p>\n","protected":false},"author":1,"featured_media":85847,"parent":85115,"menu_order":0,"comment_status":"closed","ping_status":"closed","template":"","meta":[],"_links":{"self":[{"href":"https:\/\/muzyczne-miasto.pl\/index.php\/wp-json\/wp\/v2\/pages\/44789"}],"collection":[{"href":"https:\/\/muzyczne-miasto.pl\/index.php\/wp-json\/wp\/v2\/pages"}],"about":[{"href":"https:\/\/muzyczne-miasto.pl\/index.php\/wp-json\/wp\/v2\/types\/page"}],"author":[{"embeddable":true,"href":"https:\/\/muzyczne-miasto.pl\/index.php\/wp-json\/wp\/v2\/users\/1"}],"replies":[{"embeddable":true,"href":"https:\/\/muzyczne-miasto.pl\/index.php\/wp-json\/wp\/v2\/comments?post=44789"}],"version-history":[{"count":75,"href":"https:\/\/muzyczne-miasto.pl\/index.php\/wp-json\/wp\/v2\/pages\/44789\/revisions"}],"predecessor-version":[{"id":90788,"href":"https:\/\/muzyczne-miasto.pl\/index.php\/wp-json\/wp\/v2\/pages\/44789\/revisions\/90788"}],"up":[{"embeddable":true,"href":"https:\/\/muzyczne-miasto.pl\/index.php\/wp-json\/wp\/v2\/pages\/85115"}],"wp:featuredmedia":[{"embeddable":true,"href":"https:\/\/muzyczne-miasto.pl\/index.php\/wp-json\/wp\/v2\/media\/85847"}],"wp:attachment":[{"href":"https:\/\/muzyczne-miasto.pl\/index.php\/wp-json\/wp\/v2\/media?parent=44789"}],"curies":[{"name":"wp","href":"https:\/\/api.w.org\/{rel}","templated":true}]}}