{"id":4302,"date":"2020-10-17T17:28:07","date_gmt":"2020-10-17T15:28:07","guid":{"rendered":"http:\/\/www.undsgn.com\/uncode\/?page_id=4302"},"modified":"2020-11-14T18:33:19","modified_gmt":"2020-11-14T17:33:19","slug":"agencja_muzyczna","status":"publish","type":"page","link":"https:\/\/muzyczne-miasto.pl\/index.php\/agencja_muzyczna\/","title":{"rendered":"Agencja Muzyczna MM"},"content":{"rendered":"<p>[vc_row row_height_percent=&#8221;5&#8243; override_padding=&#8221;yes&#8221; h_padding=&#8221;2&#8243; top_padding=&#8221;2&#8243; bottom_padding=&#8221;2&#8243; back_color=&#8221;color-143410&#8243; back_image=&#8221;48224&#8243; overlay_color=&#8221;color-143410&#8243; overlay_alpha=&#8221;90&#8243; gutter_size=&#8221;3&#8243; column_width_percent=&#8221;100&#8243; shift_y=&#8221;0&#8243; z_index=&#8221;0&#8243; shape_dividers=&#8221;&#8221;][vc_column width=&#8221;1\/1&#8243;][vc_custom_heading heading_semantic=&#8221;h3&#8243; text_font=&#8221;font-762333&#8243; text_size=&#8221;h3&#8243; text_weight=&#8221;600&#8243; text_height=&#8221;fontheight-179065&#8243; text_color=&#8221;color-xsdn&#8221; sub_reduced=&#8221;yes&#8221;]Agencja muzyczna[\/vc_custom_heading][\/vc_column][\/vc_row][vc_row unlock_row=&#8221;&#8221; row_height_percent=&#8221;0&#8243; overlay_alpha=&#8221;50&#8243; gutter_size=&#8221;3&#8243; column_width_percent=&#8221;100&#8243; shift_y=&#8221;0&#8243; z_index=&#8221;0&#8243; shape_dividers=&#8221;&#8221;][vc_column width=&#8221;1\/1&#8243;][vc_column_text]<strong>Agencja muzyczna MM<\/strong> zosta\u0142a za\u0142o\u017cona w 2012 roku, dostarczaj\u0105c artystycznych wra\u017ce\u0144 na koncerty, dni miast, imprezy firmowe, wesela, ceremonie wr\u0119czania nagr\u00f3d, premiery produkt\u00f3w.<\/p>\n<p>Dzi\u0119ki\u00a0szerokiemu\u00a0wachlarzowi talent\u00f3w\u00a0pomo\u017cemy Ci w osi\u0105gni\u0119ciu sukcesu Twojego wydarzenia.\u00a0Niezale\u017cnie od okazji, miejsca, ceny i terminu &#8211; nasz zesp\u00f3\u0142 pomo\u017ce Ci zorganizowa\u0107 najbardziej ekscytuj\u0105c\u0105 rozrywk\u0119 w Polsce i za granic\u0105.\u00a0Lata do\u015bwiadcze\u0144 w pracy z najlepszymi korporacjami, organizacjami, instytucjami edukacyjnymi, organizatorami imprez i osobami indywidualnymi sprawi\u0142y, \u017ce wiemy co sprawdza si\u0119 w przypadku wszelkiego rodzaju wydarze\u0144.[\/vc_column_text][\/vc_column][\/vc_row]<\/p>\n","protected":false},"excerpt":{"rendered":"<p>[vc_row row_height_percent=&#8221;5&#8243; override_padding=&#8221;yes&#8221; h_padding=&#8221;2&#8243; top_padding=&#8221;2&#8243; bottom_padding=&#8221;2&#8243; back_color=&#8221;color-143410&#8243; back_image=&#8221;48224&#8243; overlay_color=&#8221;color-143410&#8243; overlay_alpha=&#8221;90&#8243; gutter_size=&#8221;3&#8243; column_width_percent=&#8221;100&#8243; shift_y=&#8221;0&#8243; z_index=&#8221;0&#8243; shape_dividers=&#8221;&#8221;][vc_column width=&#8221;1\/1&#8243;][vc_custom_heading heading_semantic=&#8221;h3&#8243; text_font=&#8221;font-762333&#8243; text_size=&#8221;h3&#8243; text_weight=&#8221;600&#8243; [&hellip;]<\/p>\n","protected":false},"author":1,"featured_media":85686,"parent":0,"menu_order":0,"comment_status":"open","ping_status":"closed","template":"","meta":[],"_links":{"self":[{"href":"https:\/\/muzyczne-miasto.pl\/index.php\/wp-json\/wp\/v2\/pages\/4302"}],"collection":[{"href":"https:\/\/muzyczne-miasto.pl\/index.php\/wp-json\/wp\/v2\/pages"}],"about":[{"href":"https:\/\/muzyczne-miasto.pl\/index.php\/wp-json\/wp\/v2\/types\/page"}],"author":[{"embeddable":true,"href":"https:\/\/muzyczne-miasto.pl\/index.php\/wp-json\/wp\/v2\/users\/1"}],"replies":[{"embeddable":true,"href":"https:\/\/muzyczne-miasto.pl\/index.php\/wp-json\/wp\/v2\/comments?post=4302"}],"version-history":[{"count":33,"href":"https:\/\/muzyczne-miasto.pl\/index.php\/wp-json\/wp\/v2\/pages\/4302\/revisions"}],"predecessor-version":[{"id":90714,"href":"https:\/\/muzyczne-miasto.pl\/index.php\/wp-json\/wp\/v2\/pages\/4302\/revisions\/90714"}],"wp:featuredmedia":[{"embeddable":true,"href":"https:\/\/muzyczne-miasto.pl\/index.php\/wp-json\/wp\/v2\/media\/85686"}],"wp:attachment":[{"href":"https:\/\/muzyczne-miasto.pl\/index.php\/wp-json\/wp\/v2\/media?parent=4302"}],"curies":[{"name":"wp","href":"https:\/\/api.w.org\/{rel}","templated":true}]}}